{"id":1277,"date":"2024-07-08T04:37:45","date_gmt":"2024-07-08T04:37:45","guid":{"rendered":"https:\/\/wordpress.themeholy.com\/tourm\/?page_id=1277"},"modified":"2025-07-01T07:56:06","modified_gmt":"2025-07-01T07:56:06","slug":"hakkimizda","status":"publish","type":"page","link":"https:\/\/www.theonehotel.com.tr\/index.php\/hakkimizda\/","title":{"rendered":"Hakk\u0131m\u0131zda"},"content":{"rendered":"\t\t<div data-elementor-type=\"wp-page\" data-elementor-id=\"1277\" class=\"elementor elementor-1277\">\n\t\t\t\t<div class=\"elementor-element elementor-element-ae0c789 e-con-full e-flex e-con e-parent\" data-id=\"ae0c789\" data-element_type=\"container\" data-e-type=\"container\">\n\t\t<div class=\"elementor-element elementor-element-835b840 e-flex e-con-boxed e-con e-child\" data-id=\"835b840\" data-element_type=\"container\" data-e-type=\"container\">\n\t\t\t\t\t<div class=\"e-con-inner\">\n\t\t<div class=\"elementor-element elementor-element-50c694f e-con-full e-flex e-con e-child\" data-id=\"50c694f\" data-element_type=\"container\" data-e-type=\"container\">\n\t\t\r\n\t\t<div class=\"elementor-element elementor-element-5887cb1 elementor-widget elementor-widget-tourmimage\" data-id=\"5887cb1\" data-element_type=\"widget\" data-e-type=\"widget\" data-widget_type=\"tourmimage.default\">\n\t\t\t\t<div class=\"elementor-widget-container\">\n\t\t\t\t\t<div class=\"img-box3\"><div class=\"img1\"><img decoding=\"async\" src=\"http:\/\/www.theonehotel.com.tr\/wp-content\/uploads\/2025\/06\/WhatsApp-Image-2025-06-23-at-17.43.58-scaled.jpeg\" alt=\"WhatsApp Image 2025 06 23 at 17.43.58 scaled\"  \/><\/div><div class=\"img2\"><img decoding=\"async\" src=\"http:\/\/www.theonehotel.com.tr\/wp-content\/uploads\/2025\/06\/WhatsApp-Image-2025-06-23-at-17.47.56-1-scaled.jpeg\" alt=\"WhatsApp Image 2025 06 23 at 17.47.56 1 scaled\"  \/><\/div><\/div>\t\t\t\t<\/div>\n\t\t\t\t<\/div>\n\t\t\t\t<\/div>\n\t\t<div class=\"elementor-element elementor-element-4f3f988 e-con-full e-flex e-con e-child\" data-id=\"4f3f988\" data-element_type=\"container\" data-e-type=\"container\">\n\t\t\t\t<div class=\"elementor-element elementor-element-79f811a elementor-widget__width-initial elementor-widget-mobile__width-inherit elementor-widget elementor-widget-text-editor\" data-id=\"79f811a\" data-element_type=\"widget\" data-e-type=\"widget\" data-widget_type=\"text-editor.default\">\n\t\t\t\t<div class=\"elementor-widget-container\">\n\t\t\t\t\t\t\t\t\t<p>V\u0130ZYON;<\/p><p>\u0130lk ya da en iyisi olmak hedefiyle misafirlerin ve \u00e7al\u0131\u015fanlar\u0131n tercih etti\u011fi d\u00fcnya \u00e7ap\u0131nda bir marka olmak<\/p><p>M\u0130SYON;<\/p><p>S\u00fcrd\u00fcr\u00fclebilir ve kaliteli hizmet anlay\u0131\u015f\u0131yla misafir odakl\u0131 yakla\u015f\u0131m\u0131m\u0131z\u0131 temel alarak g\u00fcvenilir bir marka olmak<\/p><p>\u00a0<\/p>\t\t\t\t\t\t\t\t<\/div>\n\t\t\t\t<\/div>\n\t\t\t\t<\/div>\n\t\t\t\t<div class=\"elementor-element elementor-element-c403c63 elementor-widget elementor-widget-tourmshapeimage\" data-id=\"c403c63\" data-element_type=\"widget\" data-e-type=\"widget\" data-widget_type=\"tourmshapeimage.default\">\n\t\t\t\t<div class=\"elementor-widget-container\">\n\t\t\t\t\t<!-- Image --><div class=\"shape-mockup  movingX d-xl-block d-none\" data-top=\"4%\" data-left=\"2%\"><img decoding=\"async\" src=\"https:\/\/wordpress.themeholy.com\/tourm\/wp-content\/uploads\/2024\/06\/shape_2_1.png\" alt=\"Shape Image\" ><\/div><!-- End Image -->\t\t\t\t<\/div>\n\t\t\t\t<\/div>\n\t\t\t\t<div class=\"elementor-element elementor-element-294964a elementor-widget elementor-widget-tourmshapeimage\" data-id=\"294964a\" data-element_type=\"widget\" data-e-type=\"widget\" data-widget_type=\"tourmshapeimage.default\">\n\t\t\t\t<div class=\"elementor-widget-container\">\n\t\t\t\t\t<!-- Image --><div class=\"shape-mockup  jump d-xl-block d-none\" data-top=\"28%\" data-right=\"5%\"><img decoding=\"async\" src=\"https:\/\/wordpress.themeholy.com\/tourm\/wp-content\/uploads\/2024\/06\/shape_2_2.png\" alt=\"Shape Image\" ><\/div><!-- End Image -->\t\t\t\t<\/div>\n\t\t\t\t<\/div>\n\t\t\t\t<div class=\"elementor-element elementor-element-a84d528 elementor-widget elementor-widget-tourmshapeimage\" data-id=\"a84d528\" data-element_type=\"widget\" data-e-type=\"widget\" data-widget_type=\"tourmshapeimage.default\">\n\t\t\t\t<div class=\"elementor-widget-container\">\n\t\t\t\t\t<!-- Image --><div class=\"shape-mockup  spin d-xl-block d-none\" data-bottom=\"18%\" data-left=\"2%\"><img decoding=\"async\" src=\"https:\/\/wordpress.themeholy.com\/tourm\/wp-content\/uploads\/2024\/06\/shape_2_3.png\" alt=\"Shape Image\" ><\/div><!-- End Image -->\t\t\t\t<\/div>\n\t\t\t\t<\/div>\n\t\t\t\t<div class=\"elementor-element elementor-element-533c75a elementor-widget elementor-widget-tourmshapeimage\" data-id=\"533c75a\" data-element_type=\"widget\" data-e-type=\"widget\" data-widget_type=\"tourmshapeimage.default\">\n\t\t\t\t<div class=\"elementor-widget-container\">\n\t\t\t\t\t<!-- Image --><div class=\"shape-mockup movixgX  d-xl-block d-none\" data-bottom=\"18%\" data-right=\"2%\"><img decoding=\"async\" src=\"https:\/\/wordpress.themeholy.com\/tourm\/wp-content\/uploads\/2024\/06\/shape_2_4.png\" alt=\"Shape Image\" ><\/div><!-- End Image -->\t\t\t\t<\/div>\n\t\t\t\t<\/div>\n\t\t\t\t\t<\/div>\n\t\t\t\t<\/div>\n\t\t\t\t<\/div>\n\t\t\t\t<\/div>\n\t\t","protected":false},"excerpt":{"rendered":"<p>V\u0130ZYON; \u0130lk ya da en iyisi olmak hedefiyle misafirlerin ve \u00e7al\u0131\u015fanlar\u0131n tercih etti\u011fi d\u00fcnya \u00e7ap\u0131nda bir marka olmak M\u0130SYON; S\u00fcrd\u00fcr\u00fclebilir ve kaliteli hizmet anlay\u0131\u015f\u0131yla misafir odakl\u0131 yakla\u015f\u0131m\u0131m\u0131z\u0131 temel alarak g\u00fcvenilir bir marka olmak \u00a0<\/p>\n","protected":false},"author":1,"featured_media":0,"parent":0,"menu_order":0,"comment_status":"closed","ping_status":"closed","template":"template-builder.php","meta":{"footnotes":""},"class_list":["post-1277","page","type-page","status-publish","hentry"],"_links":{"self":[{"href":"https:\/\/www.theonehotel.com.tr\/index.php\/wp-json\/wp\/v2\/pages\/1277","targetHints":{"allow":["GET"]}}],"collection":[{"href":"https:\/\/www.theonehotel.com.tr\/index.php\/wp-json\/wp\/v2\/pages"}],"about":[{"href":"https:\/\/www.theonehotel.com.tr\/index.php\/wp-json\/wp\/v2\/types\/page"}],"author":[{"embeddable":true,"href":"https:\/\/www.theonehotel.com.tr\/index.php\/wp-json\/wp\/v2\/users\/1"}],"replies":[{"embeddable":true,"href":"https:\/\/www.theonehotel.com.tr\/index.php\/wp-json\/wp\/v2\/comments?post=1277"}],"version-history":[{"count":8,"href":"https:\/\/www.theonehotel.com.tr\/index.php\/wp-json\/wp\/v2\/pages\/1277\/revisions"}],"predecessor-version":[{"id":6374,"href":"https:\/\/www.theonehotel.com.tr\/index.php\/wp-json\/wp\/v2\/pages\/1277\/revisions\/6374"}],"wp:attachment":[{"href":"https:\/\/www.theonehotel.com.tr\/index.php\/wp-json\/wp\/v2\/media?parent=1277"}],"curies":[{"name":"wp","href":"https:\/\/api.w.org\/{rel}","templated":true}]}}